{"id":1680,"date":"2018-05-29T17:46:52","date_gmt":"2018-05-29T14:46:52","guid":{"rendered":"https:\/\/www.dormio.com.tr\/?page_id=1680"},"modified":"2018-07-18T11:22:42","modified_gmt":"2018-07-18T08:22:42","slug":"uyelik-basarili","status":"publish","type":"page","link":"https:\/\/getdormio.com\/nl\/uyelik-basarili\/","title":{"rendered":"\u00dcyelik Ba\u015far\u0131l\u0131"},"content":{"rendered":"<div class=\"banner has-hover\" id=\"banner-2113335084\">\n          <div class=\"banner-inner fill\">\n        <div class=\"banner-bg fill\" >\n            <div class=\"bg fill bg-fill\"><\/div>\n                        <div class=\"overlay\"><\/div>            \n                    <\/div><!-- bg-layers -->\n        <div class=\"banner-layers container\">\n            <div class=\"fill banner-link\"><\/div>            \n        <\/div><!-- .banner-layers -->\n      <\/div><!-- .banner-inner -->\n\n            \n<style scope=\"scope\">\n\n#banner-2113335084 {\n  padding-top: 303px;\n}\n#banner-2113335084 .bg.bg-loaded {\n  background-image: url(https:\/\/getdormio.com\/wp-content\/uploads\/2018\/05\/Uyelik_Basarili.jpg);\n}\n#banner-2113335084 .overlay {\n  background-color: rgba(0,0,0,.5);\n}\n#banner-2113335084 .bg {\n  background-position: 47% 84%;\n}\n<\/style>\n  <\/div><!-- .banner -->\n\n\n\n  <div class=\"banner has-hover\" id=\"banner-1973673956\">\n          <div class=\"banner-inner fill\">\n        <div class=\"banner-bg fill\" >\n            <div class=\"bg fill bg-fill\"><\/div>\n                        <div class=\"overlay\"><\/div>            \n                    <\/div><!-- bg-layers -->\n        <div class=\"banner-layers container\">\n            <div class=\"fill banner-link\"><\/div>            \n   <div id=\"text-box-1085306221\" class=\"text-box banner-layer x50 md-x50 lg-x50 y10 md-y10 lg-y10 res-text\">\n                                <div class=\"text\">\n              \n              <div class=\"text-inner text-center\">\n                  \n<h4 class=\"uppercase\">\u00dcyeli\u011finiz Ba\u015far\u0131 ile Olu\u015fturuldu !<\/h4>\n<p>Dormio sipari\u015fi ba\u015flatmak istiyorsan\u0131z Ana Sayfadaki sipari\u015f ver butonuna t\u0131klayarak \u00f6n sipari\u015f formunu doldurman\u0131z gerekmektedir.<\/p>\n<a href=\"https:\/\/www.dormio.com.tr\/\" target=\"_self\" class=\"button white is-outline is-large\"  >\n    <span>Ana Sayfaya D\u00f6n<\/span>\n  <\/a>\n\n<a href=\"https:\/\/www.dormio.com.tr\/hesabim\/\" target=\"_self\" class=\"button white is-outline is-large\"  >\n    <span>Profilime git<\/span>\n  <\/a>\n\n              <\/div>\n           <\/div><!-- text-box-inner -->\n                            \n<style scope=\"scope\">\n\n#text-box-1085306221 {\n  width: 60%;\n}\n#text-box-1085306221 .text {\n  font-size: 100%;\n}\n<\/style>\n    <\/div><!-- text-box -->\n \n        <\/div><!-- .banner-layers -->\n      <\/div><!-- .banner-inner -->\n\n            \n<style scope=\"scope\">\n\n#banner-1973673956 {\n  padding-top: 500px;\n  background-color: rgb(255, 255, 255);\n}\n#banner-1973673956 .overlay {\n  background-color: rgba(255, 255, 255, 0.17);\n}\n<\/style>\n  <\/div><!-- .banner -->","protected":false},"excerpt":{"rendered":"","protected":false},"author":1,"featured_media":0,"parent":0,"menu_order":0,"comment_status":"closed","ping_status":"closed","template":"page-transparent-header-light.php","meta":{"footnotes":""},"aioseo_notices":[],"_links":{"self":[{"href":"https:\/\/getdormio.com\/nl\/wp-json\/wp\/v2\/pages\/1680"}],"collection":[{"href":"https:\/\/getdormio.com\/nl\/wp-json\/wp\/v2\/pages"}],"about":[{"href":"https:\/\/getdormio.com\/nl\/wp-json\/wp\/v2\/types\/page"}],"author":[{"embeddable":true,"href":"https:\/\/getdormio.com\/nl\/wp-json\/wp\/v2\/users\/1"}],"replies":[{"embeddable":true,"href":"https:\/\/getdormio.com\/nl\/wp-json\/wp\/v2\/comments?post=1680"}],"version-history":[{"count":0,"href":"https:\/\/getdormio.com\/nl\/wp-json\/wp\/v2\/pages\/1680\/revisions"}],"wp:attachment":[{"href":"https:\/\/getdormio.com\/nl\/wp-json\/wp\/v2\/media?parent=1680"}],"curies":[{"name":"wp","href":"https:\/\/api.w.org\/{rel}","templated":true}]}}