{"id":89,"date":"2013-08-11T19:06:15","date_gmt":"2013-08-11T19:06:15","guid":{"rendered":"http:\/\/localhost:8888\/test\/?page_id=520"},"modified":"2020-06-24T12:09:32","modified_gmt":"2020-06-24T09:09:32","slug":"about-us","status":"publish","type":"page","link":"https:\/\/getdormio.com\/nl\/about-us\/","title":{"rendered":"About Us"},"content":{"rendered":"<div class=\"banner has-hover has-parallax\" id=\"banner-906668303\">\n          <div class=\"banner-inner fill\">\n        <div class=\"banner-bg fill\" data-parallax=\"-3\" data-parallax-container=\".banner\" data-parallax-background>\n            <div class=\"bg fill bg-fill\"><\/div>\n                        <div class=\"overlay\"><\/div>            \n                    <\/div><!-- bg-layers -->\n        <div class=\"banner-layers container\">\n            <div class=\"fill banner-link\"><\/div>            \n   <div id=\"text-box-1411087031\" class=\"text-box banner-layer x50 md-x50 lg-x50 y85 md-y85 lg-y85 res-text\">\n                                <div class=\"text dark\">\n              \n              <div class=\"text-inner text-center\">\n                  \n<h5 class=\"uppercase\"><span style=\"font-size: 150%;\"><b>OVER ONS<\/b><\/span><\/h5>\n              <\/div>\n           <\/div><!-- text-box-inner -->\n                            \n<style scope=\"scope\">\n\n#text-box-1411087031 {\n  width: 62%;\n}\n#text-box-1411087031 .text {\n  font-size: 100%;\n}\n<\/style>\n    <\/div><!-- text-box -->\n \n        <\/div><!-- .banner-layers -->\n      <\/div><!-- .banner-inner -->\n\n            \n<style scope=\"scope\">\n\n#banner-906668303 {\n  padding-top: 303px;\n}\n#banner-906668303 .bg.bg-loaded {\n  background-image: url(https:\/\/getdormio.com\/wp-content\/uploads\/2017\/09\/Hakk\u0131m\u0131zda.jpg);\n}\n#banner-906668303 .overlay {\n  background-color: rgba(150, 133, 133, 0.44);\n}\n#banner-906668303 .bg {\n  background-position: 41% 87%;\n}\n<\/style>\n  <\/div><!-- .banner -->\n\n\n<div class=\"row\"  id=\"row-219301916\">\n<div class=\"col small-12 large-12\"  ><div class=\"col-inner\"  >\n<p class=\"lead\" style=\"text-align: center;\"><span style=\"font-size: 100%;\"><span style=\"font-size: 80%;\">Respo Gadgets is een medisch bedrijf met als belangrijkste missie het bieden van slimme en praktische oplossingen voor slaapgerelateerde problemen.<\/span> <\/span><\/p>\n<p style=\"text-align: center;\"><span style=\"font-size: 105%;\">Ons eerste product \"Dormio\" is een mondstuk voor de behandeling van het slaapapneu-syndroom. Het idee achter Dormio is ontwikkeld tijdens een promotieonderzoek aan het Biomedical Engineering Institute van de Bo\u011fazi\u00e7i University (Turkije).<\/span><\/p>\n<p style=\"text-align: center;\"><span style=\"font-size: 105%;\">Indrukwekkende resultaten die tijdens de wetenschappelijke onderzoeken werden behaald, motiveerden ons om onderzoek voort te zetten om het reeds gepatenteerde ontwerp te verbeteren met als primair doel een oplossing te bieden aan pati\u00ebnten met het slaapapneu-syndroom.<\/span><\/p>\n<\/div><\/div>\n<\/div>\n<div class=\"container section-title-container\" ><h3 class=\"section-title section-title-center\"><b><\/b><span class=\"section-title-main\" style=\"font-size:118%;\"><i class=\"icon-star\" ><\/i>CERTIFICATEN<\/span><b><\/b><\/h3><\/div><!-- .section-title -->\n\n  \n    <div id=\"\" class=\"row large-columns-5 medium-columns-3 small-columns-2 row-small row-masonry\" data-packery-options='{\"itemSelector\": \".col\", \"gutter\": 0, \"presentageWidth\" : true}'>\n\n          <div class=\"gallery-col col\" >\n          <div class=\"col-inner\">\n            <a class=\"image-lightbox lightbox-gallery\" href=\"https:\/\/getdormio.com\/wp-content\/uploads\/2019\/02\/Marka-Tescil-Dormio-566x800.jpg\" title=\"\">            <div class=\"box has-hover gallery-box box-shade dark\">\n              <div class=\"box-image box-shadow-3-hover\" >\n                <img loading=\"lazy\" decoding=\"async\" width=\"283\" height=\"400\" src=\"https:\/\/getdormio.com\/wp-content\/uploads\/2019\/02\/Marka-Tescil-Dormio-283x400.jpg\" class=\"attachment-medium size-medium\" alt=\"\" ids=\"2457,2454,2456,2455,2468\" style=\"shade\" type=\"masonry\" col_spacing=\"small\" columns=\"5\" depth_hover=\"3\" srcset=\"https:\/\/getdormio.com\/wp-content\/uploads\/2019\/02\/Marka-Tescil-Dormio-283x400.jpg 283w, https:\/\/getdormio.com\/wp-content\/uploads\/2019\/02\/Marka-Tescil-Dormio-768x1086.jpg 768w, https:\/\/getdormio.com\/wp-content\/uploads\/2019\/02\/Marka-Tescil-Dormio-566x800.jpg 566w, https:\/\/getdormio.com\/wp-content\/uploads\/2019\/02\/Marka-Tescil-Dormio.jpg 1653w\" sizes=\"(max-width: 283px) 100vw, 283px\" \/>                                                  <div class=\"shade\"><\/div>\n                                              <\/div><!-- .image -->\n              <div class=\"box-text text-left\">\n                 <p><\/p>\n              <\/div><!-- .text -->\n            <\/div><!-- .box -->\n            <\/a>          <\/div><!-- .col-inner -->\n         <\/div><!-- .col -->\n                 <div class=\"gallery-col col\" >\n          <div class=\"col-inner\">\n            <a class=\"image-lightbox lightbox-gallery\" href=\"https:\/\/getdormio.com\/wp-content\/uploads\/2019\/02\/Patent-Belgesi-Compressed-565x800.jpg\" title=\"\">            <div class=\"box has-hover gallery-box box-shade dark\">\n              <div class=\"box-image box-shadow-3-hover\" >\n                <img loading=\"lazy\" decoding=\"async\" width=\"283\" height=\"400\" src=\"https:\/\/getdormio.com\/wp-content\/uploads\/2019\/02\/Patent-Belgesi-Compressed-283x400.jpg\" class=\"attachment-medium size-medium\" alt=\"\" ids=\"2457,2454,2456,2455,2468\" style=\"shade\" type=\"masonry\" col_spacing=\"small\" columns=\"5\" depth_hover=\"3\" srcset=\"https:\/\/getdormio.com\/wp-content\/uploads\/2019\/02\/Patent-Belgesi-Compressed-283x400.jpg 283w, https:\/\/getdormio.com\/wp-content\/uploads\/2019\/02\/Patent-Belgesi-Compressed-768x1087.jpg 768w, https:\/\/getdormio.com\/wp-content\/uploads\/2019\/02\/Patent-Belgesi-Compressed-565x800.jpg 565w, https:\/\/getdormio.com\/wp-content\/uploads\/2019\/02\/Patent-Belgesi-Compressed.jpg 1653w\" sizes=\"(max-width: 283px) 100vw, 283px\" \/>                                                  <div class=\"shade\"><\/div>\n                                              <\/div><!-- .image -->\n              <div class=\"box-text text-left\">\n                 <p><\/p>\n              <\/div><!-- .text -->\n            <\/div><!-- .box -->\n            <\/a>          <\/div><!-- .col-inner -->\n         <\/div><!-- .col -->\n                 <div class=\"gallery-col col\" >\n          <div class=\"col-inner\">\n            <a class=\"image-lightbox lightbox-gallery\" href=\"https:\/\/getdormio.com\/wp-content\/uploads\/2019\/02\/ISO-13485-2016-CERT-MD-1044-RESPO-GADGETS-566x800.jpg\" title=\"\">            <div class=\"box has-hover gallery-box box-shade dark\">\n              <div class=\"box-image box-shadow-3-hover\" >\n                <img loading=\"lazy\" decoding=\"async\" width=\"283\" height=\"400\" src=\"https:\/\/getdormio.com\/wp-content\/uploads\/2019\/02\/ISO-13485-2016-CERT-MD-1044-RESPO-GADGETS-283x400.jpg\" class=\"attachment-medium size-medium\" alt=\"\" ids=\"2457,2454,2456,2455,2468\" style=\"shade\" type=\"masonry\" col_spacing=\"small\" columns=\"5\" depth_hover=\"3\" srcset=\"https:\/\/getdormio.com\/wp-content\/uploads\/2019\/02\/ISO-13485-2016-CERT-MD-1044-RESPO-GADGETS-283x400.jpg 283w, https:\/\/getdormio.com\/wp-content\/uploads\/2019\/02\/ISO-13485-2016-CERT-MD-1044-RESPO-GADGETS-768x1086.jpg 768w, https:\/\/getdormio.com\/wp-content\/uploads\/2019\/02\/ISO-13485-2016-CERT-MD-1044-RESPO-GADGETS-566x800.jpg 566w, https:\/\/getdormio.com\/wp-content\/uploads\/2019\/02\/ISO-13485-2016-CERT-MD-1044-RESPO-GADGETS.jpg 1653w\" sizes=\"(max-width: 283px) 100vw, 283px\" \/>                                                  <div class=\"shade\"><\/div>\n                                              <\/div><!-- .image -->\n              <div class=\"box-text text-left\">\n                 <p><\/p>\n              <\/div><!-- .text -->\n            <\/div><!-- .box -->\n            <\/a>          <\/div><!-- .col-inner -->\n         <\/div><!-- .col -->\n                 <div class=\"gallery-col col\" >\n          <div class=\"col-inner\">\n            <a class=\"image-lightbox lightbox-gallery\" href=\"https:\/\/getdormio.com\/wp-content\/uploads\/2019\/02\/ISO-9001-RESPO-GADGETS-566x800.jpg\" title=\"\">            <div class=\"box has-hover gallery-box box-shade dark\">\n              <div class=\"box-image box-shadow-3-hover\" >\n                <img loading=\"lazy\" decoding=\"async\" width=\"283\" height=\"400\" src=\"https:\/\/getdormio.com\/wp-content\/uploads\/2019\/02\/ISO-9001-RESPO-GADGETS-283x400.jpg\" class=\"attachment-medium size-medium\" alt=\"\" ids=\"2457,2454,2456,2455,2468\" style=\"shade\" type=\"masonry\" col_spacing=\"small\" columns=\"5\" depth_hover=\"3\" srcset=\"https:\/\/getdormio.com\/wp-content\/uploads\/2019\/02\/ISO-9001-RESPO-GADGETS-283x400.jpg 283w, https:\/\/getdormio.com\/wp-content\/uploads\/2019\/02\/ISO-9001-RESPO-GADGETS-768x1085.jpg 768w, https:\/\/getdormio.com\/wp-content\/uploads\/2019\/02\/ISO-9001-RESPO-GADGETS-566x800.jpg 566w, https:\/\/getdormio.com\/wp-content\/uploads\/2019\/02\/ISO-9001-RESPO-GADGETS.jpg 1653w\" sizes=\"(max-width: 283px) 100vw, 283px\" \/>                                                  <div class=\"shade\"><\/div>\n                                              <\/div><!-- .image -->\n              <div class=\"box-text text-left\">\n                 <p><\/p>\n              <\/div><!-- .text -->\n            <\/div><!-- .box -->\n            <\/a>          <\/div><!-- .col-inner -->\n         <\/div><!-- .col -->\n                 <div class=\"gallery-col col\" >\n          <div class=\"col-inner\">\n            <a class=\"image-lightbox lightbox-gallery\" href=\"https:\/\/getdormio.com\/wp-content\/uploads\/2019\/02\/Sat\u0131\u015f-\u0130zni-sansurlu-min-566x800.jpg\" title=\"\">            <div class=\"box has-hover gallery-box box-shade dark\">\n              <div class=\"box-image box-shadow-3-hover\" >\n                <img loading=\"lazy\" decoding=\"async\" width=\"283\" height=\"400\" src=\"https:\/\/getdormio.com\/wp-content\/uploads\/2019\/02\/Sat\u0131\u015f-\u0130zni-sansurlu-min-283x400.jpg\" class=\"attachment-medium size-medium\" alt=\"\" ids=\"2457,2454,2456,2455,2468\" style=\"shade\" type=\"masonry\" col_spacing=\"small\" columns=\"5\" depth_hover=\"3\" srcset=\"https:\/\/getdormio.com\/wp-content\/uploads\/2019\/02\/Sat\u0131\u015f-\u0130zni-sansurlu-min-283x400.jpg 283w, https:\/\/getdormio.com\/wp-content\/uploads\/2019\/02\/Sat\u0131\u015f-\u0130zni-sansurlu-min-768x1085.jpg 768w, https:\/\/getdormio.com\/wp-content\/uploads\/2019\/02\/Sat\u0131\u015f-\u0130zni-sansurlu-min-566x800.jpg 566w, https:\/\/getdormio.com\/wp-content\/uploads\/2019\/02\/Sat\u0131\u015f-\u0130zni-sansurlu-min.jpg 1653w\" sizes=\"(max-width: 283px) 100vw, 283px\" \/>                                                  <div class=\"shade\"><\/div>\n                                              <\/div><!-- .image -->\n              <div class=\"box-text text-left\">\n                 <p><\/p>\n              <\/div><!-- .text -->\n            <\/div><!-- .box -->\n            <\/a>          <\/div><!-- .col-inner -->\n         <\/div><!-- .col -->\n         <\/div>\n<div class=\"container section-title-container\" ><h3 class=\"section-title section-title-center\"><b><\/b><span class=\"section-title-main\" style=\"font-size:118%;\">Ondersteund door<\/span><b><\/b><\/h3><\/div><!-- .section-title -->\n<div class=\"row row-small align-middle align-center\"  id=\"row-771948871\">\n<div class=\"col medium-4 small-6 large-4\"  ><div class=\"col-inner text-center\"  >\n    <div class=\"img has-hover x md-x lg-x y md-y lg-y\" id=\"image_891033278\">\n                <div class=\"img-inner dark\" >\n        <img loading=\"lazy\" decoding=\"async\" width=\"1020\" height=\"208\" src=\"https:\/\/getdormio.com\/wp-content\/uploads\/2020\/06\/rslogo_single_transparent_black-1400x286.png\" class=\"attachment-large size-large\" alt=\"\" srcset=\"https:\/\/getdormio.com\/wp-content\/uploads\/2020\/06\/rslogo_single_transparent_black-1400x286.png 1400w, https:\/\/getdormio.com\/wp-content\/uploads\/2020\/06\/rslogo_single_transparent_black-800x164.png 800w, https:\/\/getdormio.com\/wp-content\/uploads\/2020\/06\/rslogo_single_transparent_black-768x157.png 768w, https:\/\/getdormio.com\/wp-content\/uploads\/2020\/06\/rslogo_single_transparent_black-1536x314.png 1536w, https:\/\/getdormio.com\/wp-content\/uploads\/2020\/06\/rslogo_single_transparent_black-500x102.png 500w, https:\/\/getdormio.com\/wp-content\/uploads\/2020\/06\/rslogo_single_transparent_black.png 2000w\" sizes=\"(max-width: 1020px) 100vw, 1020px\" \/>                \n            <\/div>\n                   \n<style scope=\"scope\">\n\n<\/style>\n    <\/div>\n    \n<\/div><\/div>\n<div class=\"col medium-3 small-6 large-3\"  ><div class=\"col-inner text-center\"  >\n    <div class=\"img has-hover x md-x lg-x y md-y lg-y\" id=\"image_1307385464\">\n                <div class=\"img-inner dark\" >\n        <img loading=\"lazy\" decoding=\"async\" width=\"800\" height=\"600\" src=\"https:\/\/getdormio.com\/wp-content\/uploads\/2020\/06\/ISO-logo-ingilizce-800x600-692.jpg\" class=\"attachment-large size-large\" alt=\"\" srcset=\"https:\/\/getdormio.com\/wp-content\/uploads\/2020\/06\/ISO-logo-ingilizce-800x600-692.jpg 800w, https:\/\/getdormio.com\/wp-content\/uploads\/2020\/06\/ISO-logo-ingilizce-800x600-692-533x400.jpg 533w, https:\/\/getdormio.com\/wp-content\/uploads\/2020\/06\/ISO-logo-ingilizce-800x600-692-768x576.jpg 768w, https:\/\/getdormio.com\/wp-content\/uploads\/2020\/06\/ISO-logo-ingilizce-800x600-692-500x375.jpg 500w\" sizes=\"(max-width: 800px) 100vw, 800px\" \/>                \n            <\/div>\n                   \n<style scope=\"scope\">\n\n<\/style>\n    <\/div>\n    \n<\/div><\/div>\n<div class=\"col medium-3 small-12 large-3\"  ><div class=\"col-inner\"  >\n    <div class=\"img has-hover x md-x lg-x y md-y lg-y\" id=\"image_1629937306\">\n                <div class=\"img-inner dark\" >\n        <img loading=\"lazy\" decoding=\"async\" width=\"751\" height=\"177\" src=\"https:\/\/getdormio.com\/wp-content\/uploads\/2017\/09\/Destekci-03.png\" class=\"attachment-large size-large\" alt=\"\" srcset=\"https:\/\/getdormio.com\/wp-content\/uploads\/2017\/09\/Destekci-03.png 751w, https:\/\/getdormio.com\/wp-content\/uploads\/2017\/09\/Destekci-03-500x118.png 500w\" sizes=\"(max-width: 751px) 100vw, 751px\" \/>                \n            <\/div>\n                   \n<style scope=\"scope\">\n\n<\/style>\n    <\/div>\n    \n<\/div><\/div>\n\n<style scope=\"scope\">\n\n<\/style>\n<\/div>\n<div class=\"row row-small align-middle align-center\"  id=\"row-1601893936\">\n<div class=\"col medium-3 small-6 large-3\"  ><div class=\"col-inner\"  >\n    <div class=\"img has-hover x md-x lg-x y md-y lg-y\" id=\"image_1187185646\">\n                <div class=\"img-inner dark\" >\n        <img loading=\"lazy\" decoding=\"async\" width=\"305\" height=\"116\" src=\"https:\/\/getdormio.com\/wp-content\/uploads\/2017\/09\/Destekci-02.png\" class=\"attachment-large size-large\" alt=\"\" \/>                \n            <\/div>\n                   \n<style scope=\"scope\">\n\n<\/style>\n    <\/div>\n    \n<\/div><\/div>\n<div class=\"col medium-2 small-6 large-2\"  ><div class=\"col-inner text-center\"  >\n    <div class=\"img has-hover x md-x lg-x y md-y lg-y\" id=\"image_435274152\">\n                <div class=\"img-inner dark\" >\n        <img loading=\"lazy\" decoding=\"async\" width=\"929\" height=\"800\" src=\"https:\/\/getdormio.com\/wp-content\/uploads\/2017\/09\/Destekci-05-929x800.png\" class=\"attachment-large size-large\" alt=\"\" srcset=\"https:\/\/getdormio.com\/wp-content\/uploads\/2017\/09\/Destekci-05-929x800.png 929w, https:\/\/getdormio.com\/wp-content\/uploads\/2017\/09\/Destekci-05-500x430.png 500w, https:\/\/getdormio.com\/wp-content\/uploads\/2017\/09\/Destekci-05-465x400.png 465w, https:\/\/getdormio.com\/wp-content\/uploads\/2017\/09\/Destekci-05-768x661.png 768w, https:\/\/getdormio.com\/wp-content\/uploads\/2017\/09\/Destekci-05.png 1200w\" sizes=\"(max-width: 929px) 100vw, 929px\" \/>                \n            <\/div>\n                   \n<style scope=\"scope\">\n\n#image_435274152 {\n  width: 76%;\n}\n<\/style>\n    <\/div>\n    \n<\/div><\/div>\n<div class=\"col medium-2 small-12 large-2\"  ><div class=\"col-inner\"  >\n    <div class=\"img has-hover x md-x lg-x y md-y lg-y\" id=\"image_1714882650\">\n                <div class=\"img-inner dark\" >\n        <img loading=\"lazy\" decoding=\"async\" width=\"819\" height=\"800\" src=\"https:\/\/getdormio.com\/wp-content\/uploads\/2017\/09\/Destekci-01-2-819x800.png\" class=\"attachment-large size-large\" alt=\"\" srcset=\"https:\/\/getdormio.com\/wp-content\/uploads\/2017\/09\/Destekci-01-2-819x800.png 819w, https:\/\/getdormio.com\/wp-content\/uploads\/2017\/09\/Destekci-01-2-500x489.png 500w, https:\/\/getdormio.com\/wp-content\/uploads\/2017\/09\/Destekci-01-2-409x400.png 409w, https:\/\/getdormio.com\/wp-content\/uploads\/2017\/09\/Destekci-01-2-768x750.png 768w, https:\/\/getdormio.com\/wp-content\/uploads\/2017\/09\/Destekci-01-2.png 1267w\" sizes=\"(max-width: 819px) 100vw, 819px\" \/>                \n            <\/div>\n                   \n<style scope=\"scope\">\n\n#image_1714882650 {\n  width: 66%;\n}\n<\/style>\n    <\/div>\n    \n<\/div><\/div>\n<div class=\"col medium-3 small-6 large-3\"  ><div class=\"col-inner\"  >\n    <div class=\"img has-hover x md-x lg-x y md-y lg-y\" id=\"image_1560127895\">\n                <div class=\"img-inner dark\" >\n        <img loading=\"lazy\" decoding=\"async\" width=\"988\" height=\"266\" src=\"https:\/\/getdormio.com\/wp-content\/uploads\/2018\/10\/Ac\u0131badem-\u00dcni.jpg\" class=\"attachment-large size-large\" alt=\"\" srcset=\"https:\/\/getdormio.com\/wp-content\/uploads\/2018\/10\/Ac\u0131badem-\u00dcni.jpg 988w, https:\/\/getdormio.com\/wp-content\/uploads\/2018\/10\/Ac\u0131badem-\u00dcni-800x215.jpg 800w, https:\/\/getdormio.com\/wp-content\/uploads\/2018\/10\/Ac\u0131badem-\u00dcni-768x207.jpg 768w, https:\/\/getdormio.com\/wp-content\/uploads\/2018\/10\/Ac\u0131badem-\u00dcni-500x135.jpg 500w\" sizes=\"(max-width: 988px) 100vw, 988px\" \/>                \n            <\/div>\n                   \n<style scope=\"scope\">\n\n<\/style>\n    <\/div>\n    \n<\/div><\/div>\n\n<style scope=\"scope\">\n\n<\/style>\n<\/div>\n\n  <div class=\"banner has-hover\" id=\"banner-1447530726\">\n          <div class=\"banner-inner fill\">\n        <div class=\"banner-bg fill\" >\n            <div class=\"bg fill bg-fill\"><\/div>\n                                    \n\t<div class=\"is-border\"\n\t\tstyle=\"border-width:0px 0px 14px 0px;\">\n\t<\/div>\n                    <\/div><!-- bg-layers -->\n        <div class=\"banner-layers container\">\n            <div class=\"fill banner-link\"><\/div>            \n   <div id=\"text-box-1876757040\" class=\"text-box banner-layer x50 md-x50 lg-x50 y50 md-y50 lg-y50 res-text\">\n                                <div class=\"text dark\">\n              \n              <div class=\"text-inner text-center\">\n                  \n<h4><span style=\"color: #000080; font-size: 75%;\">Duizenden mensen met slaapapneu zijn tevreden gebruikers van de  Dormio en komen weer toe aan een goede nachtrust.<\/span><\/h4>\n<h4><span style=\"color: #000080; font-size: 75%;\">U kunt uw Dormio nu bestellen.<\/span><\/h4>\n<a href=\"https:\/\/getdormio.com\/nl\/urun\/dormio\/\" target=\"_self\" class=\"button primary is-large\"  >\n    <span>Bestel Nu<\/span>\n  <\/a>\n\n              <\/div>\n           <\/div><!-- text-box-inner -->\n                            \n<style scope=\"scope\">\n\n#text-box-1876757040 {\n  width: 91%;\n}\n#text-box-1876757040 .text {\n  font-size: 100%;\n}\n<\/style>\n    <\/div><!-- text-box -->\n \n        <\/div><!-- .banner-layers -->\n      <\/div><!-- .banner-inner -->\n\n            \n<style scope=\"scope\">\n\n#banner-1447530726 {\n  padding-top: 53%;\n  background-color: rgb(255, 255, 255);\n}\n\n\n@media (min-width:550px) {\n\n  #banner-1447530726 {\n    padding-top: 22%;\n  }\n\n}\n<\/style>\n  <\/div><!-- .banner -->","protected":false},"excerpt":{"rendered":"","protected":false},"author":1,"featured_media":0,"parent":0,"menu_order":0,"comment_status":"closed","ping_status":"closed","template":"page-transparent-header-light.php","meta":{"footnotes":""},"aioseo_notices":[],"_links":{"self":[{"href":"https:\/\/getdormio.com\/nl\/wp-json\/wp\/v2\/pages\/89"}],"collection":[{"href":"https:\/\/getdormio.com\/nl\/wp-json\/wp\/v2\/pages"}],"about":[{"href":"https:\/\/getdormio.com\/nl\/wp-json\/wp\/v2\/types\/page"}],"author":[{"embeddable":true,"href":"https:\/\/getdormio.com\/nl\/wp-json\/wp\/v2\/users\/1"}],"replies":[{"embeddable":true,"href":"https:\/\/getdormio.com\/nl\/wp-json\/wp\/v2\/comments?post=89"}],"version-history":[{"count":0,"href":"https:\/\/getdormio.com\/nl\/wp-json\/wp\/v2\/pages\/89\/revisions"}],"wp:attachment":[{"href":"https:\/\/getdormio.com\/nl\/wp-json\/wp\/v2\/media?parent=89"}],"curies":[{"name":"wp","href":"https:\/\/api.w.org\/{rel}","templated":true}]}}